{"id":158,"date":"2020-02-17T15:00:20","date_gmt":"2020-02-17T15:00:20","guid":{"rendered":"http:\/\/bizix.premiumthemes.in\/?page_id=158"},"modified":"2025-04-22T19:51:15","modified_gmt":"2025-04-22T17:51:15","slug":"home-1","status":"publish","type":"page","link":"https:\/\/dernaplan.com\/","title":{"rendered":"Home 1"},"content":{"rendered":"\t\t<div data-elementor-type=\"wp-page\" data-elementor-id=\"158\" class=\"elementor elementor-158\">\n\t\t\t\t<div class=\"elementor-element elementor-element-8f6da96 e-con-full e-flex e-con e-parent\" data-id=\"8f6da96\" data-element_type=\"container\">\n\t\t\t\t<div class=\"elementor-element elementor-element-187a06e elementor-widget elementor-widget-spacer\" data-id=\"187a06e\" data-element_type=\"widget\" data-widget_type=\"spacer.default\">\n\t\t\t\t<div class=\"elementor-widget-container\">\n\t\t\t\t\t\t\t<div class=\"elementor-spacer\">\n\t\t\t<div class=\"elementor-spacer-inner\"><\/div>\n\t\t<\/div>\n\t\t\t\t\t\t<\/div>\n\t\t\t\t<\/div>\n\t\t\t\t<\/div>\n\t\t\t\t<section class=\"elementor-section elementor-top-section elementor-element elementor-element-66881864 elementor-section-stretched elementor-section-boxed elementor-section-height-default elementor-section-height-default\" data-id=\"66881864\" data-element_type=\"section\" data-settings=\"{&quot;stretch_section&quot;:&quot;section-stretched&quot;}\">\n\t\t\t\t\t\t<div class=\"elementor-container elementor-column-gap-no\">\n\t\t\t\t\t<div class=\"elementor-column elementor-col-50 elementor-top-column elementor-element elementor-element-125c2ecd\" data-id=\"125c2ecd\" data-element_type=\"column\">\n\t\t\t<div class=\"elementor-widget-wrap elementor-element-populated\">\n\t\t\t\t\t\t<div class=\"elementor-element elementor-element-8eaf5a9 elementor-widget elementor-widget-video\" data-id=\"8eaf5a9\" data-element_type=\"widget\" data-settings=\"{&quot;video_type&quot;:&quot;hosted&quot;,&quot;controls&quot;:&quot;yes&quot;}\" data-widget_type=\"video.default\">\n\t\t\t\t<div class=\"elementor-widget-container\">\n\t\t\t\t\t\t\t<div class=\"e-hosted-video elementor-wrapper elementor-open-inline\">\n\t\t\t\t\t<video class=\"elementor-video\" src=\"https:\/\/dernaplan.com\/wp-content\/uploads\/2025\/03\/AQNQrEYB0VnxLpgkMrdlB2-j9HKw9qAnyLfmrK76heACWFKSWp2iWK4OqfRBsL8dfSSjW-6Sqv-Uew08vAxuS0Tb.mp4\" controls=\"\" preload=\"metadata\" controlsList=\"nodownload\"><\/video>\n\t\t\t\t<\/div>\n\t\t\t\t\t\t<\/div>\n\t\t\t\t<\/div>\n\t\t\t\t\t<\/div>\n\t\t<\/div>\n\t\t\t\t<div class=\"elementor-column elementor-col-50 elementor-top-column elementor-element elementor-element-1b7c9fb3\" data-id=\"1b7c9fb3\" data-element_type=\"column\">\n\t\t\t<div class=\"elementor-widget-wrap elementor-element-populated\">\n\t\t\t\t\t\t<div class=\"elementor-element elementor-element-4285cd2e gyan-title-st-line-after gyan-title-desc-left elementor-widget elementor-widget-gyan_title\" data-id=\"4285cd2e\" data-element_type=\"widget\" data-widget_type=\"gyan_title.default\">\n\t\t\t\t<div class=\"elementor-widget-container\">\n\t\t\t\t\t\t\t<div class=\"gyan-title\">\r\n\t\t\t<div class=\"gyan-title-subtitle\"><span>A propos de l'entreprise <\/span><\/div><h2 class=\"gyan-title-heading\">Bienvenue sur DERNA PLAN <\/h2><div class=\"gyan-title-desc\">Bienvenue chez Derna Plan, votre agence de communication innovante et cr\u00e9ative ! Nous sommes une \u00e9quipe passionn\u00e9e, d\u00e9di\u00e9e \u00e0 transformer vos id\u00e9es en projets percutants. Sp\u00e9cialis\u00e9e dans la communication globale, notre mission est de booster votre visibilit\u00e9 et de donner vie \u00e0 vos ambitions gr\u00e2ce \u00e0 des solutions sur mesure.<\/div>\t\t<\/div>\r\n\t\t\t\t\t\t<\/div>\n\t\t\t\t<\/div>\n\t\t\t\t<div class=\"elementor-element elementor-element-14510f58 elementor-widget elementor-widget-button\" data-id=\"14510f58\" data-element_type=\"widget\" data-widget_type=\"button.default\">\n\t\t\t\t<div class=\"elementor-widget-container\">\n\t\t\t\t\t\t\t\t\t<div class=\"elementor-button-wrapper\">\n\t\t\t\t\t<a class=\"elementor-button elementor-button-link elementor-size-sm\" href=\"https:\/\/dernaplan.com\/\">\n\t\t\t\t\t\t<span class=\"elementor-button-content-wrapper\">\n\t\t\t\t\t\t\t\t\t<span class=\"elementor-button-text\">contactez nous : 0770141770<\/span>\n\t\t\t\t\t<\/span>\n\t\t\t\t\t<\/a>\n\t\t\t\t<\/div>\n\t\t\t\t\t\t\t\t<\/div>\n\t\t\t\t<\/div>\n\t\t\t\t\t<\/div>\n\t\t<\/div>\n\t\t\t\t\t<\/div>\n\t\t<\/section>\n\t\t\t\t<section class=\"elementor-section elementor-top-section elementor-element elementor-element-303869ea elementor-section-stretched elementor-section-boxed elementor-section-height-default elementor-section-height-default\" data-id=\"303869ea\" data-element_type=\"section\" data-settings=\"{&quot;stretch_section&quot;:&quot;section-stretched&quot;,&quot;background_background&quot;:&quot;classic&quot;}\">\n\t\t\t\t\t\t<div class=\"elementor-container elementor-column-gap-no\">\n\t\t\t\t\t<div class=\"elementor-column elementor-col-100 elementor-top-column elementor-element elementor-element-472c4bf0\" data-id=\"472c4bf0\" data-element_type=\"column\">\n\t\t\t<div class=\"elementor-widget-wrap elementor-element-populated\">\n\t\t\t\t\t\t<section class=\"elementor-section elementor-inner-section elementor-element elementor-element-3b4e0011 elementor-section-boxed elementor-section-height-default elementor-section-height-default\" data-id=\"3b4e0011\" data-element_type=\"section\">\n\t\t\t\t\t\t<div class=\"elementor-container elementor-column-gap-no\">\n\t\t\t\t\t<div class=\"elementor-column elementor-col-50 elementor-inner-column elementor-element elementor-element-2cbc4b57\" data-id=\"2cbc4b57\" data-element_type=\"column\">\n\t\t\t<div class=\"elementor-widget-wrap elementor-element-populated\">\n\t\t\t\t\t\t<div class=\"elementor-element elementor-element-2e2b3695 gyan-title-st-line-after elementor-widget elementor-widget-gyan_title\" data-id=\"2e2b3695\" data-element_type=\"widget\" data-widget_type=\"gyan_title.default\">\n\t\t\t\t<div class=\"elementor-widget-container\">\n\t\t\t\t\t\t\t<div class=\"gyan-title\">\r\n\t\t\t<div class=\"gyan-title-subtitle\"><span>Premium Web Services<\/span><\/div><h2 class=\"gyan-title-heading\">Nos services<\/h2>\t\t<\/div>\r\n\t\t\t\t\t\t<\/div>\n\t\t\t\t<\/div>\n\t\t\t\t\t<\/div>\n\t\t<\/div>\n\t\t\t\t<div class=\"elementor-column elementor-col-50 elementor-inner-column elementor-element elementor-element-51ef8805\" data-id=\"51ef8805\" data-element_type=\"column\">\n\t\t\t<div class=\"elementor-widget-wrap elementor-element-populated\">\n\t\t\t\t\t\t<div class=\"elementor-element elementor-element-32ae23a elementor-widget elementor-widget-text-editor\" data-id=\"32ae23a\" data-element_type=\"widget\" data-widget_type=\"text-editor.default\">\n\t\t\t\t<div class=\"elementor-widget-container\">\n\t\t\t\t\t\t\t\t\t<p>Chez Derna Plan, nous offrons une gamme compl\u00e8te de services pour r\u00e9pondre \u00e0 tous vos besoins en communication. Voici ce que nous vous proposons :<\/p>\t\t\t\t\t\t\t\t<\/div>\n\t\t\t\t<\/div>\n\t\t\t\t\t<\/div>\n\t\t<\/div>\n\t\t\t\t\t<\/div>\n\t\t<\/section>\n\t\t\t\t<div class=\"elementor-element elementor-element-203c1ae7 elementor-grid-3 elementor-grid-tablet-2 elementor-grid-mobile-1 elementor-widget elementor-widget-gyan_services_full_text\" data-id=\"203c1ae7\" data-element_type=\"widget\" data-settings=\"{&quot;columns&quot;:&quot;3&quot;,&quot;columns_tablet&quot;:&quot;2&quot;,&quot;columns_mobile&quot;:&quot;1&quot;}\" data-widget_type=\"gyan_services_full_text.default\">\n\t\t\t\t<div class=\"elementor-widget-container\">\n\t\t\t\t\t\n\t\t<div class=\"gyan-services-full-container gyan-services-full-container-203c1ae7\" data-layout=\"grid\" data-rtl=\"false\">\n\n\t\t\t<div class=\"gyan-services-full-items gyan-elementor-grid\">\n\n\t\t\t\t\n\t\t\t\t\t<div class=\"gyan-service-full-item gyan-grid-item-wrap\">\n\t\t\t\t\t\t<div class=\"gyan-services-full gyan-grid-item gyan-ease-transition\">\n\t\t\t\t\t\t\t<div class=\"gyan-services-full-img\"><a ><img fetchpriority=\"high\" decoding=\"async\" width=\"667\" height=\"515\" src=\"https:\/\/dernaplan.com\/wp-content\/uploads\/2020\/02\/service4-1.jpg\" class=\"attachment-full size-full\" alt=\"\" srcset=\"https:\/\/dernaplan.com\/wp-content\/uploads\/2020\/02\/service4-1.jpg 667w, https:\/\/dernaplan.com\/wp-content\/uploads\/2020\/02\/service4-1-300x232.jpg 300w\" sizes=\"(max-width: 667px) 100vw, 667px\" \/><\/a><\/div><div class=\"gyan-services-full-content\"><div class=\"gyan-services-full-icon-wrap\"><div class=\"gyan-services-full-icon gyan-icon\"><img decoding=\"async\" width=\"50\" height=\"50\" src=\"https:\/\/dernaplan.com\/wp-content\/uploads\/2020\/02\/icon-chat-1.png\" class=\"attachment-full size-full\" alt=\"\" \/><\/div><\/div><div class=\"gyan-services-full-title-desc\"><h6 class=\"gyan-services-full-title\"><span >Strat\u00e9gie Marketing & Branding<\/span><\/h6><div class=\"gyan-services-full-desc\">\u00c9laboration de strat\u00e9gies marketing sur mesure pour renforcer votre identit\u00e9 de marque et atteindre vos objectifs commerciaux. Nous cr\u00e9ons des campagnes percutantes qui captent l\u2019attention de votre audience.<\/div><\/div><\/div>\t\t\t\t\t\t<\/div>\n\t\t\t\t\t\t<div class=\"clear\"><\/div>\n\t\t\t\t\t<\/div>\n\n\t\t\t\t \n\t\t\t\t\t<div class=\"gyan-service-full-item gyan-grid-item-wrap\">\n\t\t\t\t\t\t<div class=\"gyan-services-full gyan-grid-item gyan-ease-transition\">\n\t\t\t\t\t\t\t<div class=\"gyan-services-full-img\"><a href=\"#\" class=\"gyan-service-full-link\"><img decoding=\"async\" width=\"667\" height=\"515\" src=\"https:\/\/dernaplan.com\/wp-content\/uploads\/2020\/02\/service5-1.jpg\" class=\"attachment-full size-full\" alt=\"\" srcset=\"https:\/\/dernaplan.com\/wp-content\/uploads\/2020\/02\/service5-1.jpg 667w, https:\/\/dernaplan.com\/wp-content\/uploads\/2020\/02\/service5-1-300x232.jpg 300w\" sizes=\"(max-width: 667px) 100vw, 667px\" \/><\/a><\/div><div class=\"gyan-services-full-content\"><div class=\"gyan-services-full-icon-wrap\"><div class=\"gyan-services-full-icon gyan-icon\"><img loading=\"lazy\" decoding=\"async\" width=\"50\" height=\"50\" src=\"https:\/\/dernaplan.com\/wp-content\/uploads\/2020\/02\/icon-video-1.png\" class=\"attachment-full size-full\" alt=\"\" \/><\/div><\/div><div class=\"gyan-services-full-title-desc\"><h6 class=\"gyan-services-full-title\"><a href=\"#\" class=\"gyan-service-full-link\">Gestion des R\u00e9seaux Sociaux<\/a><\/h6><div class=\"gyan-services-full-desc\">Animation et gestion de vos comptes sur les r\u00e9seaux sociaux pour d\u00e9velopper votre communaut\u00e9 et interagir efficacement avec vos clients.<\/div><\/div><a href=\"#\" class=\"gyan-service-full-link gyan-services-full-button gyan-ease-transition gyan-flex\"><span class=\"gyan-services-full-button-text\">en savoir plus<\/span><span class=\"gyan-services-full-button-arrow\"><\/span><\/a><\/div>\t\t\t\t\t\t<\/div>\n\t\t\t\t\t\t<div class=\"clear\"><\/div>\n\t\t\t\t\t<\/div>\n\n\t\t\t\t \n\t\t\t\t\t<div class=\"gyan-service-full-item gyan-grid-item-wrap\">\n\t\t\t\t\t\t<div class=\"gyan-services-full gyan-grid-item gyan-ease-transition\">\n\t\t\t\t\t\t\t<div class=\"gyan-services-full-img\"><a href=\"http:\/\/.\" class=\"gyan-service-full-link\"><img loading=\"lazy\" decoding=\"async\" width=\"808\" height=\"455\" src=\"https:\/\/dernaplan.com\/wp-content\/uploads\/2025\/03\/creation-site-web.jpg\" class=\"attachment-full size-full\" alt=\"\" srcset=\"https:\/\/dernaplan.com\/wp-content\/uploads\/2025\/03\/creation-site-web.jpg 808w, https:\/\/dernaplan.com\/wp-content\/uploads\/2025\/03\/creation-site-web-300x169.jpg 300w, https:\/\/dernaplan.com\/wp-content\/uploads\/2025\/03\/creation-site-web-768x432.jpg 768w\" sizes=\"(max-width: 808px) 100vw, 808px\" \/><\/a><\/div><div class=\"gyan-services-full-content\"><div class=\"gyan-services-full-icon-wrap\"><div class=\"gyan-services-full-icon gyan-icon\"><img loading=\"lazy\" decoding=\"async\" width=\"50\" height=\"50\" src=\"https:\/\/dernaplan.com\/wp-content\/uploads\/2020\/02\/icon-bulb-1.png\" class=\"attachment-full size-full\" alt=\"\" \/><\/div><\/div><div class=\"gyan-services-full-title-desc\"><h6 class=\"gyan-services-full-title\"><a href=\"http:\/\/.\" class=\"gyan-service-full-link\">Cr\u00e9ation de Sites Web<\/a><\/h6><div class=\"gyan-services-full-desc\">D\u00e9veloppement de sites web modernes, intuitifs et optimis\u00e9s pour tous les appareils. Que ce soit pour un site vitrine, une boutique en ligne ou une plateforme personnalis\u00e9e, pour une pr\u00e9sence plus efficace en ligne grace au site web de l'agence<\/div><\/div><a href=\"http:\/\/.\" class=\"gyan-service-full-link gyan-services-full-button gyan-ease-transition gyan-flex\"><span class=\"gyan-services-full-button-text\">en savoir plus<\/span><span class=\"gyan-services-full-button-arrow\"><\/span><\/a><\/div>\t\t\t\t\t\t<\/div>\n\t\t\t\t\t\t<div class=\"clear\"><\/div>\n\t\t\t\t\t<\/div>\n\n\t\t\t\t \n\t\t\t <\/div> <!-- gyan-services-full-items -->\n\t\t\t <div class=\"clear\"><\/div>\n\n\t\t<\/div>\n\n\t\t\t\t\t<\/div>\n\t\t\t\t<\/div>\n\t\t\t\t<div class=\"elementor-element elementor-element-67d2a81 elementor-grid-3 elementor-grid-tablet-2 elementor-grid-mobile-1 elementor-widget elementor-widget-gyan_services_full_text\" data-id=\"67d2a81\" data-element_type=\"widget\" data-settings=\"{&quot;columns&quot;:&quot;3&quot;,&quot;columns_tablet&quot;:&quot;2&quot;,&quot;columns_mobile&quot;:&quot;1&quot;}\" data-widget_type=\"gyan_services_full_text.default\">\n\t\t\t\t<div class=\"elementor-widget-container\">\n\t\t\t\t\t\n\t\t<div class=\"gyan-services-full-container gyan-services-full-container-67d2a81\" data-layout=\"grid\" data-rtl=\"false\">\n\n\t\t\t<div class=\"gyan-services-full-items gyan-elementor-grid\">\n\n\t\t\t\t\n\t\t\t\t\t<div class=\"gyan-service-full-item gyan-grid-item-wrap\">\n\t\t\t\t\t\t<div class=\"gyan-services-full gyan-grid-item gyan-ease-transition\">\n\t\t\t\t\t\t\t<div class=\"gyan-services-full-img\"><img decoding=\"async\" src=\"https:\/\/dernaplan.com\/wp-content\/uploads\/2020\/03\/large-3-1.jpg\" alt=\"\" \/><\/div><div class=\"gyan-services-full-content\"><div class=\"gyan-services-full-icon-wrap\"><div class=\"gyan-services-full-icon gyan-icon\"><img decoding=\"async\" width=\"50\" height=\"50\" src=\"https:\/\/dernaplan.com\/wp-content\/uploads\/2020\/02\/icon-chat-1.png\" class=\"attachment-full size-full\" alt=\"\" \/><\/div><\/div><div class=\"gyan-services-full-title-desc\"><h6 class=\"gyan-services-full-title\"><span >Cr\u00e9ations de logiciel et CRM <\/span><\/h6><div class=\"gyan-services-full-desc\">Sessions de formation personnalis\u00e9es pour vous et votre \u00e9quipe sur les outils num\u00e9riques, la gestion de marque ou les tendances marketing actuelles, afin de vous rendre autonomes et comp\u00e9titifs. Nous proposons \u00e9galement des ateliers pratiques pour ma\u00eetriser des plateformes comme Canva, Google Analytics ou les r\u00e9seaux sociaux.<\/div><\/div><\/div>\t\t\t\t\t\t<\/div>\n\t\t\t\t\t\t<div class=\"clear\"><\/div>\n\t\t\t\t\t<\/div>\n\n\t\t\t\t \n\t\t\t\t\t<div class=\"gyan-service-full-item gyan-grid-item-wrap\">\n\t\t\t\t\t\t<div class=\"gyan-services-full gyan-grid-item gyan-ease-transition\">\n\t\t\t\t\t\t\t<div class=\"gyan-services-full-img\"><img decoding=\"async\" src=\"https:\/\/dernaplan.com\/wp-content\/uploads\/2025\/03\/What-is-the-Difference-Between-Hologram-and-3D-Hologram-800x644-1.webp\" alt=\"\" \/><\/div><div class=\"gyan-services-full-content\"><div class=\"gyan-services-full-icon-wrap\"><div class=\"gyan-services-full-icon gyan-icon\"><img loading=\"lazy\" decoding=\"async\" width=\"50\" height=\"50\" src=\"https:\/\/dernaplan.com\/wp-content\/uploads\/2020\/02\/icon-video-1.png\" class=\"attachment-full size-full\" alt=\"\" \/><\/div><\/div><div class=\"gyan-services-full-title-desc\"><h6 class=\"gyan-services-full-title\"><a href=\"http:\/\/.\" class=\"gyan-service-full-link\">Service Hologramme<\/a><\/h6><div class=\"gyan-services-full-desc\">Innovation et modernit\u00e9 avec notre service d\u2019hologrammes ! Cr\u00e9ez des pr\u00e9sentations futuristes, des publicit\u00e9s 3D ou des animations holographiques pour captiver votre public et vous d\u00e9marquer de la concurrence<\/div><\/div><a href=\"http:\/\/.\" class=\"gyan-service-full-link gyan-services-full-button gyan-ease-transition gyan-flex\"><span class=\"gyan-services-full-button-text\">en savoir plus <\/span><span class=\"gyan-services-full-button-arrow\"><\/span><\/a><\/div>\t\t\t\t\t\t<\/div>\n\t\t\t\t\t\t<div class=\"clear\"><\/div>\n\t\t\t\t\t<\/div>\n\n\t\t\t\t \n\t\t\t\t\t<div class=\"gyan-service-full-item gyan-grid-item-wrap\">\n\t\t\t\t\t\t<div class=\"gyan-services-full gyan-grid-item gyan-ease-transition\">\n\t\t\t\t\t\t\t<div class=\"gyan-services-full-img\"><img decoding=\"async\" src=\"https:\/\/dernaplan.com\/wp-content\/uploads\/2025\/04\/evementiel.jpg\" alt=\"\" \/><\/div><div class=\"gyan-services-full-content\"><div class=\"gyan-services-full-icon-wrap\"><div class=\"gyan-services-full-icon gyan-icon\"><img loading=\"lazy\" decoding=\"async\" width=\"50\" height=\"50\" src=\"https:\/\/dernaplan.com\/wp-content\/uploads\/2020\/02\/icon-bulb-1.png\" class=\"attachment-full size-full\" alt=\"\" \/><\/div><\/div><div class=\"gyan-services-full-title-desc\"><h6 class=\"gyan-services-full-title\"><a href=\"http:\/\/.\" class=\"gyan-service-full-link\">Evementiel <\/a><\/h6><div class=\"gyan-services-full-desc\">Organisation compl\u00e8te de vos \u00e9v\u00e9nements professionnels ou grand public, tels que des lancements de produits, des conf\u00e9rences, des salons ou des soir\u00e9es d\u2019entreprise, avec une gestion logistique et cr\u00e9ative pour un impact maximal. nous faisons aussi la realisations des standes , l'impressions sur tout supports , de tr\u00e9s haute qualit\u00e9 avec un personel qualifi\u00e9 , fourniture et pose  deplacements sur tout le territoire<\/div><\/div><a href=\"http:\/\/.\" class=\"gyan-service-full-link gyan-services-full-button gyan-ease-transition gyan-flex\"><span class=\"gyan-services-full-button-text\">en savoir plus <\/span><span class=\"gyan-services-full-button-arrow\"><\/span><\/a><\/div>\t\t\t\t\t\t<\/div>\n\t\t\t\t\t\t<div class=\"clear\"><\/div>\n\t\t\t\t\t<\/div>\n\n\t\t\t\t \n\t\t\t <\/div> <!-- gyan-services-full-items -->\n\t\t\t <div class=\"clear\"><\/div>\n\n\t\t<\/div>\n\n\t\t\t\t\t<\/div>\n\t\t\t\t<\/div>\n\t\t\t\t\t<\/div>\n\t\t<\/div>\n\t\t\t\t\t<\/div>\n\t\t<\/section>\n\t\t\t\t<section class=\"elementor-section elementor-top-section elementor-element elementor-element-31fa2783 elementor-section-stretched elementor-section-boxed elementor-section-height-default elementor-section-height-default\" data-id=\"31fa2783\" data-element_type=\"section\" data-settings=\"{&quot;stretch_section&quot;:&quot;section-stretched&quot;,&quot;background_background&quot;:&quot;classic&quot;}\">\n\t\t\t\t\t\t<div class=\"elementor-container elementor-column-gap-no\">\n\t\t\t\t\t<div class=\"elementor-column elementor-col-100 elementor-top-column elementor-element elementor-element-534fccd7\" data-id=\"534fccd7\" data-element_type=\"column\">\n\t\t\t<div class=\"elementor-widget-wrap elementor-element-populated\">\n\t\t\t\t\t\t<section class=\"elementor-section elementor-inner-section elementor-element elementor-element-40f62d9 elementor-section-boxed elementor-section-height-default elementor-section-height-default\" data-id=\"40f62d9\" data-element_type=\"section\">\n\t\t\t\t\t\t<div class=\"elementor-container elementor-column-gap-no\">\n\t\t\t\t\t<div class=\"elementor-column elementor-col-50 elementor-inner-column elementor-element elementor-element-113f0c16\" data-id=\"113f0c16\" data-element_type=\"column\">\n\t\t\t<div class=\"elementor-widget-wrap elementor-element-populated\">\n\t\t\t\t\t\t<div class=\"elementor-element elementor-element-3b6e13b elementor-widget elementor-widget-image\" data-id=\"3b6e13b\" data-element_type=\"widget\" data-widget_type=\"image.default\">\n\t\t\t\t<div class=\"elementor-widget-container\">\n\t\t\t\t\t\t\t\t\t\t\t\t\t\t\t<img loading=\"lazy\" decoding=\"async\" width=\"707\" height=\"913\" src=\"https:\/\/dernaplan.com\/wp-content\/uploads\/2020\/03\/pf11-1.jpg\" class=\"attachment-large size-large wp-image-900\" alt=\"\" srcset=\"https:\/\/dernaplan.com\/wp-content\/uploads\/2020\/03\/pf11-1.jpg 707w, https:\/\/dernaplan.com\/wp-content\/uploads\/2020\/03\/pf11-1-232x300.jpg 232w\" sizes=\"(max-width: 707px) 100vw, 707px\" \/>\t\t\t\t\t\t\t\t\t\t\t\t\t\t\t<\/div>\n\t\t\t\t<\/div>\n\t\t\t\t\t<\/div>\n\t\t<\/div>\n\t\t\t\t<div class=\"elementor-column elementor-col-50 elementor-inner-column elementor-element elementor-element-3cef0ee\" data-id=\"3cef0ee\" data-element_type=\"column\" data-settings=\"{&quot;background_background&quot;:&quot;classic&quot;}\">\n\t\t\t<div class=\"elementor-widget-wrap elementor-element-populated\">\n\t\t\t\t\t\t<div class=\"elementor-element elementor-element-18c432a7 elementor-widget elementor-widget-heading\" data-id=\"18c432a7\" data-element_type=\"widget\" data-widget_type=\"heading.default\">\n\t\t\t\t<div class=\"elementor-widget-container\">\n\t\t\t\t\t<h2 class=\"elementor-heading-title elementor-size-default\">Contactez nous <\/h2>\t\t\t\t<\/div>\n\t\t\t\t<\/div>\n\t\t\t\t<div class=\"elementor-element elementor-element-247f14af gyan-cf7-style-underline gyan-cf7-button-left gyan-cf7-highlight-style-default elementor-widget elementor-widget-gyan_contact_form_styler\" data-id=\"247f14af\" data-element_type=\"widget\" data-widget_type=\"gyan_contact_form_styler.default\">\n\t\t\t\t<div class=\"elementor-widget-container\">\n\t\t\t\t\t\t\t\t\t<div class = \"gyan-cf7-container\">\n\t\t\t\t\t\t<div class = \"gyan-cf7 gyan-cf7-style elementor-clickable\">\n\t\t\t\t\t\t\n<div class=\"wpcf7 no-js\" id=\"wpcf7-f175-o1\" lang=\"en-US\" dir=\"ltr\" data-wpcf7-id=\"175\">\n<div class=\"screen-reader-response\"><p role=\"status\" aria-live=\"polite\" aria-atomic=\"true\"><\/p> <ul><\/ul><\/div>\n<form action=\"\/index.php?rest_route=%2Fwp%2Fv2%2Fpages%2F158#wpcf7-f175-o1\" method=\"post\" class=\"wpcf7-form init\" aria-label=\"Contact form\" novalidate=\"novalidate\" data-status=\"init\">\n<div style=\"display: none;\">\n<input type=\"hidden\" name=\"_wpcf7\" value=\"175\" \/>\n<input type=\"hidden\" name=\"_wpcf7_version\" value=\"6.0.6\" \/>\n<input type=\"hidden\" name=\"_wpcf7_locale\" value=\"en_US\" \/>\n<input type=\"hidden\" name=\"_wpcf7_unit_tag\" value=\"wpcf7-f175-o1\" \/>\n<input type=\"hidden\" name=\"_wpcf7_container_post\" value=\"0\" \/>\n<input type=\"hidden\" name=\"_wpcf7_posted_data_hash\" value=\"\" \/>\n<\/div>\n<div class=\"swm-row\" style=\"margin:0 -20px;\">\n\t<div class=\"swm-column swm-column2 swm-no-gap-row\">\n\t\t<div class=\"swm-column-gap\" style=\"padding:0 20px;\">\n\t\t\t<p><span class=\"gyan-cf7-icon icon-right\"><i class=\"far fa-user\"><\/i><span class=\"wpcf7-form-control-wrap\" data-name=\"your-name\"><input size=\"40\" maxlength=\"400\" class=\"wpcf7-form-control wpcf7-text wpcf7-validates-as-required\" aria-required=\"true\" aria-invalid=\"false\" placeholder=\"Your Name\" value=\"\" type=\"text\" name=\"your-name\" \/><\/span><\/span>\n\t\t\t<\/p>\n\t\t<\/div>\n\t<\/div>\n\t<div class=\"swm-column swm-column2 swm-no-gap-row\">\n\t\t<div class=\"swm-column-gap\" style=\"padding:0 20px;\">\n\t\t\t<p><span class=\"gyan-cf7-icon icon-right\"><i class=\"far fa-envelope-open\"><\/i><span class=\"wpcf7-form-control-wrap\" data-name=\"your-email\"><input size=\"40\" maxlength=\"400\" class=\"wpcf7-form-control wpcf7-email wpcf7-validates-as-required wpcf7-text wpcf7-validates-as-email\" aria-required=\"true\" aria-invalid=\"false\" placeholder=\"Email ID\" value=\"\" type=\"email\" name=\"your-email\" \/><\/span><\/span>\n\t\t\t<\/p>\n\t\t<\/div>\n\t<\/div>\n<\/div>\n<div class=\"swm-row\" style=\"margin:0 -20px;\">\n\t<div class=\"swm-column swm-column2 swm-no-gap-row\">\n\t\t<div class=\"swm-column-gap\" style=\"padding:0 20px;\">\n\t\t\t<p><span class=\"gyan-cf7-icon icon-right\"><i class=\"fab fa-whatsapp\"><\/i><span class=\"wpcf7-form-control-wrap\" data-name=\"your-phone\"><input size=\"40\" maxlength=\"400\" class=\"wpcf7-form-control wpcf7-text\" aria-invalid=\"false\" placeholder=\"Phone No.\" value=\"\" type=\"text\" name=\"your-phone\" \/><\/span><\/span>\n\t\t\t<\/p>\n\t\t<\/div>\n\t<\/div>\n\t<div class=\"swm-column swm-column2 swm-no-gap-row\">\n\t\t<div class=\"swm-column-gap\" style=\"padding:0 20px;\">\n\t\t\t<p><span class=\"gyan-cf7-icon icon-right\"><i class=\"far fa-edit\"><\/i><span class=\"wpcf7-form-control-wrap\" data-name=\"your-subject\"><input size=\"40\" maxlength=\"400\" class=\"wpcf7-form-control wpcf7-text\" aria-invalid=\"false\" placeholder=\"Subject\" value=\"\" type=\"text\" name=\"your-subject\" \/><\/span><\/span>\n\t\t\t<\/p>\n\t\t<\/div>\n\t<\/div>\n<\/div>\n<div>\n\t<p><span class=\"gyan-cf7-icon icon-right\"><i class=\"far fa-comment-dots\"><\/i><span class=\"wpcf7-form-control-wrap\" data-name=\"your-message\"><textarea cols=\"40\" rows=\"10\" maxlength=\"2000\" class=\"wpcf7-form-control wpcf7-textarea\" aria-invalid=\"false\" placeholder=\"Your Message\" name=\"your-message\"><\/textarea><\/span><\/span>\n\t<\/p>\n<\/div>\n<p><input class=\"wpcf7-form-control wpcf7-submit has-spinner\" type=\"submit\" value=\"Send Message\" \/>\n<\/p><div class=\"wpcf7-response-output\" aria-hidden=\"true\"><\/div>\n<\/form>\n<\/div>\n\t\t\t\t\t<\/div>\n\t\t\t\t<\/div>\n\t\t\t\t\t\t\t\t<\/div>\n\t\t\t\t<\/div>\n\t\t\t\t\t<\/div>\n\t\t<\/div>\n\t\t\t\t\t<\/div>\n\t\t<\/section>\n\t\t\t\t\t<\/div>\n\t\t<\/div>\n\t\t\t\t\t<\/div>\n\t\t<\/section>\n\t\t\t\t<\/div>\n\t\t","protected":false},"excerpt":{"rendered":"<p>https:\/\/dernaplan.com\/wp-content\/uploads\/2025\/03\/AQNQrEYB0VnxLpgkMrdlB2-j9HKw9qAnyLfmrK76heACWFKSWp2iWK4OqfRBsL8dfSSjW-6Sqv-Uew08vAxuS0Tb.mp4 A propos de l&rsquo;entreprise Bienvenue sur DERNA PLAN Bienvenue chez Derna Plan, votre agence de communication innovante et cr\u00e9ative ! Nous sommes une \u00e9quipe passionn\u00e9e, d\u00e9di\u00e9e \u00e0 transformer vos id\u00e9es en projets percutants. Sp\u00e9cialis\u00e9e dans la communication globale, notre mission est de booster votre visibilit\u00e9 et de donner vie [&hellip;]<\/p>\n","protected":false},"author":1,"featured_media":0,"parent":0,"menu_order":0,"comment_status":"closed","ping_status":"closed","template":"elementor_header_footer","meta":{"footnotes":""},"class_list":["post-158","page","type-page","status-publish","hentry"],"_links":{"self":[{"href":"https:\/\/dernaplan.com\/index.php?rest_route=\/wp\/v2\/pages\/158","targetHints":{"allow":["GET"]}}],"collection":[{"href":"https:\/\/dernaplan.com\/index.php?rest_route=\/wp\/v2\/pages"}],"about":[{"href":"https:\/\/dernaplan.com\/index.php?rest_route=\/wp\/v2\/types\/page"}],"author":[{"embeddable":true,"href":"https:\/\/dernaplan.com\/index.php?rest_route=\/wp\/v2\/users\/1"}],"replies":[{"embeddable":true,"href":"https:\/\/dernaplan.com\/index.php?rest_route=%2Fwp%2Fv2%2Fcomments&post=158"}],"version-history":[{"count":40,"href":"https:\/\/dernaplan.com\/index.php?rest_route=\/wp\/v2\/pages\/158\/revisions"}],"predecessor-version":[{"id":2018,"href":"https:\/\/dernaplan.com\/index.php?rest_route=\/wp\/v2\/pages\/158\/revisions\/2018"}],"wp:attachment":[{"href":"https:\/\/dernaplan.com\/index.php?rest_route=%2Fwp%2Fv2%2Fmedia&parent=158"}],"curies":[{"name":"wp","href":"https:\/\/api.w.org\/{rel}","templated":true}]}}